{"id":46641,"date":"2018-07-07T02:13:21","date_gmt":"2018-07-07T02:13:21","guid":{"rendered":"http:\/\/guruap.com\/?page_id=46641"},"modified":"2018-09-01T00:55:08","modified_gmt":"2018-09-01T00:55:08","slug":"blog","status":"publish","type":"page","link":"https:\/\/guruap.com\/index.php\/blog\/","title":{"rendered":"Blog"},"content":{"rendered":"<p>[et_pb_section fb_built=&#8221;1&#8243; fullwidth=&#8221;on&#8221; admin_label=&#8221;Page Header&#8221; _builder_version=&#8221;3.9&#8243; background_image=&#8221;http:\/\/guruap.com\/wp-content\/uploads\/2018\/07\/abstract-astronomy-dark-924824.png&#8221; parallax=&#8221;on&#8221; animation_direction=&#8221;top&#8221;][et_pb_fullwidth_header title=&#8221;Blog Gur\u00fa&#8221; text_orientation=&#8221;center&#8221; scroll_down_icon_size=&#8221;48px&#8221; admin_label=&#8221;Hero Section&#8221; _builder_version=&#8221;3.9&#8243; title_font=&#8221;Montserrat|on|||&#8221; title_font_size=&#8221;60px&#8221; title_line_height=&#8221;1.4em&#8221; content_font_size=&#8221;22px&#8221; content_line_height=&#8221;1.8em&#8221; subhead_font=&#8221;||||&#8221; background_color=&#8221;rgba(255,255,255,0)&#8221; use_background_color_gradient=&#8221;on&#8221; background_color_gradient_start=&#8221;rgba(12,113,195,0.93)&#8221; background_color_gradient_direction=&#8221;90deg&#8221; background_size=&#8221;initial&#8221; background_position=&#8221;top_left&#8221; background_repeat=&#8221;repeat&#8221; custom_button_two=&#8221;on&#8221; button_two_text_size=&#8221;16px&#8221; button_two_border_width=&#8221;2px&#8221; button_two_border_color=&#8221;#ffffff&#8221; button_two_border_radius=&#8221;0&#8243; button_two_letter_spacing=&#8221;2&#8243; button_two_font=&#8221;Montserrat|||on|&#8221; button_two_use_icon=&#8221;off&#8221; button_two_text_color_hover=&#8221;#6eba01&#8243; button_two_bg_color_hover=&#8221;#ffffff&#8221; button_two_border_color_hover=&#8221;#ffffff&#8221; button_two_border_radius_hover=&#8221;0&#8243; button_two_letter_spacing_hover=&#8221;2&#8243; custom_button_one=&#8221;on&#8221; button_one_text_size=&#8221;16px&#8221; button_one_bg_color=&#8221;#6eba01&#8243; button_one_border_width=&#8221;2px&#8221; button_one_border_color=&#8221;#6eba01&#8243; button_one_border_radius=&#8221;0&#8243; button_one_letter_spacing=&#8221;2&#8243; button_one_font=&#8221;Montserrat|||on|&#8221; button_one_use_icon=&#8221;off&#8221; button_one_text_color_hover=&#8221;#6eba01&#8243; button_one_bg_color_hover=&#8221;#ffffff&#8221; button_one_border_color_hover=&#8221;#ffffff&#8221; button_one_border_radius_hover=&#8221;0&#8243; button_one_letter_spacing_hover=&#8221;2&#8243; module_alignment=&#8221;left&#8221; animation_style=&#8221;fade&#8221;]<\/p>\n<p>Este blog tiene como fin plantear posiciones sobre temas variados relacionados con los servicios que brinda la empresa <strong>GURU HOLDING AP<\/strong>, para la reflexi\u00f3n y profundizaci\u00f3n del conocimiento.<\/p>\n<p>[\/et_pb_fullwidth_header][\/et_pb_section][et_pb_section fb_built=&#8221;1&#8243; admin_label=&#8221;Blog&#8221; _builder_version=&#8221;3.0.78&#8243; background_color=&#8221;#f4f4f4&#8243;][et_pb_row _builder_version=&#8221;3.0.79&#8243; background_size=&#8221;initial&#8221; background_position=&#8221;top_left&#8221; background_repeat=&#8221;repeat&#8221;][et_pb_column type=&#8221;3_4&#8243; _builder_version=&#8221;3.0.47&#8243; parallax=&#8221;off&#8221; parallax_method=&#8221;on&#8221;][et_pb_blog include_categories=&#8221;1&#8243; show_author=&#8221;off&#8221; show_categories=&#8221;off&#8221; _builder_version=&#8221;3.9&#8243; header_font=&#8221;Montserrat||||&#8221; header_line_height=&#8221;1.3em&#8221; body_font_size=&#8221;16px&#8221; body_line_height=&#8221;1.9em&#8221; meta_text_color=&#8221;rgba(0,0,0,0.3)&#8221; meta_font_size=&#8221;16px&#8221; text_orientation=&#8221;left&#8221; animation_style=&#8221;fold&#8221; animation_direction=&#8221;bottom&#8221; animation_intensity_fold=&#8221;1%&#8221;][\/et_pb_blog][\/et_pb_column][et_pb_column type=&#8221;1_4&#8243; _builder_version=&#8221;3.0.47&#8243; parallax=&#8221;off&#8221; parallax_method=&#8221;on&#8221;][et_pb_sidebar orientation=&#8221;right&#8221; area=&#8221;sidebar-1&#8243; show_border=&#8221;off&#8221; _builder_version=&#8221;3.9&#8243; header_font=&#8221;Montserrat||||&#8221; animation_style=&#8221;slide&#8221; animation_direction=&#8221;left&#8221; animation_intensity_slide=&#8221;10%&#8221;][\/et_pb_sidebar][\/et_pb_column][\/et_pb_row][\/et_pb_section][et_pb_section fb_built=&#8221;1&#8243; admin_label=&#8221;Footer&#8221; module_id=&#8221;contact-us&#8221; _builder_version=&#8221;3.9&#8243; background_image=&#8221;https:\/\/guruap.com\/wp-content\/uploads\/2018\/08\/contact_us_90.jpg&#8221; parallax=&#8221;on&#8221; custom_padding=&#8221;90px|0|90px|0|false|false&#8221; global_module=&#8221;46643&#8243; saved_tabs=&#8221;all&#8221;][et_pb_row use_custom_gutter=&#8221;on&#8221; gutter_width=&#8221;2&#8243; custom_padding=&#8221;|||&#8221; make_equal=&#8221;on&#8221; background_color_1=&#8221;#ffffff&#8221; background_color_2=&#8221;#ffffff&#8221; background_position_1=&#8221;top_left&#8221; background_position_2=&#8221;top_left&#8221; background_repeat_1=&#8221;no-repeat&#8221; background_repeat_2=&#8221;no-repeat&#8221; padding_top_1=&#8221;50px&#8221; padding_top_2=&#8221;50px&#8221; padding_right_1=&#8221;40px&#8221; padding_right_2=&#8221;40px&#8221; padding_bottom_1=&#8221;50px&#8221; padding_bottom_2=&#8221;50px&#8221; padding_left_1=&#8221;40px&#8221; padding_left_2=&#8221;40px&#8221; _builder_version=&#8221;3.9&#8243; background_size=&#8221;initial&#8221; background_position=&#8221;top_left&#8221; background_repeat=&#8221;repeat&#8221;][et_pb_column type=&#8221;1_3&#8243; _builder_version=&#8221;3.0.47&#8243; padding_bottom=&#8221;50px&#8221; padding_left=&#8221;40px&#8221; padding_right=&#8221;40px&#8221; padding_top=&#8221;50px&#8221; background_color=&#8221;#ffffff&#8221; parallax=&#8221;off&#8221; parallax_method=&#8221;on&#8221; background_position=&#8221;top_left&#8221; background_repeat=&#8221;no-repeat&#8221;][et_pb_text admin_label=&#8221;Contact US Title&#8221; _builder_version=&#8221;3.9&#8243; text_font=&#8221;||||||||&#8221; text_text_color=&#8221;#b2a77e&#8221; text_font_size=&#8221;16px&#8221; header_font=&#8221;Montserrat||||&#8221; header_text_color=&#8221;#b2a77e&#8221; header_font_size=&#8221;22px&#8221; custom_padding=&#8221;0px|0px|0px|0px&#8221; animation_style=&#8221;fold&#8221; animation_direction=&#8221;bottom&#8221; animation_intensity_fold=&#8221;20%&#8221;]<\/p>\n<h1>Contactenos<\/h1>\n<p>[\/et_pb_text][et_pb_text admin_label=&#8221;Contact US Text&#8221; _builder_version=&#8221;3.9&#8243; text_font_size=&#8221;16px&#8221; text_line_height=&#8221;1.8em&#8221; header_font=&#8221;||||&#8221; header_text_color=&#8221;#1f1f1f&#8221; custom_margin=&#8221;20px||40px|&#8221; custom_padding=&#8221;0px|0px|0px|0px&#8221; animation_style=&#8221;fold&#8221; animation_direction=&#8221;bottom&#8221; animation_intensity_fold=&#8221;20%&#8221; locked=&#8221;off&#8221;]<\/p>\n<p>Edificio Sigma Business\u00a0Center, Torre A, Segundo Piso, San Pedro de Montes de Oca, San Jos\u00e9.<\/p>\n<p>[\/et_pb_text][et_pb_text admin_label=&#8221;Contact US Text&#8221; _builder_version=&#8221;3.9&#8243; text_font_size=&#8221;16px&#8221; text_line_height=&#8221;1.8em&#8221; header_font=&#8221;||||&#8221; header_text_color=&#8221;#1f1f1f&#8221; custom_margin=&#8221;20px||40px|&#8221; custom_padding=&#8221;0px|0px|0px|0px&#8221; animation_style=&#8221;fold&#8221; animation_direction=&#8221;bottom&#8221; animation_intensity_fold=&#8221;20%&#8221;]<\/p>\n<p>Tel\u00e9fonos:\u00a0+506 4001 &#8211; 5185 \/\u00a0+506\u00a08832 &#8211; 4948<\/p>\n<p>[\/et_pb_text][et_pb_text admin_label=&#8221;Contact US Text&#8221; _builder_version=&#8221;3.9&#8243; text_font_size=&#8221;16px&#8221; text_line_height=&#8221;1.8em&#8221; header_font=&#8221;||||&#8221; header_text_color=&#8221;#1f1f1f&#8221; custom_margin=&#8221;20px||40px|&#8221; custom_padding=&#8221;0px|0px|0px|0px&#8221; animation_style=&#8221;fold&#8221; animation_direction=&#8221;bottom&#8221; animation_intensity_fold=&#8221;20%&#8221;]<\/p>\n<p>info@guruap.com<\/p>\n<p>[\/et_pb_text][et_pb_text _builder_version=&#8221;3.9&#8243;]<iframe loading=\"lazy\" src=\"https:\/\/www.google.com\/maps\/embed?pb=!1m18!1m12!1m3!1d3929.991951338029!2d-84.05979718618418!3d9.934627076884595!2m3!1f0!2f0!3f0!3m2!1i1024!2i768!4f13.1!3m3!1m2!1s0x8fa0e381bf0a314f%3A0x6b7f661b10e8adb4!2sRepublic+-+Office+and+Coworking!5e0!3m2!1ses!2scr!4v1534116381929\" width=\"400\" height=\"300\" frameborder=\"0\" style=\"border:0\" allowfullscreen><\/iframe>[\/et_pb_text][et_pb_social_media_follow admin_label=&#8221;Facebook&#8221; module_class=&#8221;colored-icons&#8221; _builder_version=&#8221;3.9&#8243; border_radii=&#8221;on|0px|0px|0px|0px&#8221; border_width_all=&#8221;14px&#8221; border_color_all=&#8221;rgba(0,0,0,0)&#8221; text_orientation=&#8221;center&#8221; custom_margin=&#8221;|||&#8221; link_shape=&#8221;circle&#8221;][et_pb_social_media_follow_network social_network=&#8221;facebook&#8221; url=&#8221;https:\/\/www.facebook.com\/Guru-Holding-AP-216706968955664\/&#8221; _builder_version=&#8221;3.9&#8243; custom_margin=&#8221;|10px||&#8221; bg_color=&#8221;#3b5998&#8243; link_shape=&#8221;circle&#8221; follow_button=&#8221;off&#8221; url_new_window=&#8221;on&#8221;]facebook[\/et_pb_social_media_follow_network][et_pb_social_media_follow_network social_network=&#8221;twitter&#8221; url=&#8221;https:\/\/twitter.com\/guruholding&#8221; _builder_version=&#8221;3.9&#8243; custom_margin=&#8221;|10px||&#8221; bg_color=&#8221;#00aced&#8221; link_shape=&#8221;circle&#8221; follow_button=&#8221;off&#8221; url_new_window=&#8221;on&#8221;]twitter[\/et_pb_social_media_follow_network][et_pb_social_media_follow_network social_network=&#8221;instagram&#8221; url=&#8221;https:\/\/www.instagram.com\/guruholdingap\/&#8221; _builder_version=&#8221;3.9&#8243; custom_margin=&#8221;|0px||&#8221; bg_color=&#8221;#007bb6&#8243; link_shape=&#8221;circle&#8221; follow_button=&#8221;off&#8221; url_new_window=&#8221;on&#8221;]instagram[\/et_pb_social_media_follow_network][\/et_pb_social_media_follow][et_pb_social_media_follow _builder_version=&#8221;3.0.87&#8243;][\/et_pb_social_media_follow][\/et_pb_column][et_pb_column type=&#8221;2_3&#8243; _builder_version=&#8221;3.0.47&#8243; padding_bottom=&#8221;50px&#8221; padding_left=&#8221;40px&#8221; padding_right=&#8221;40px&#8221; padding_top=&#8221;50px&#8221; background_color=&#8221;#ffffff&#8221; parallax=&#8221;off&#8221; parallax_method=&#8221;on&#8221; background_position=&#8221;top_left&#8221; background_repeat=&#8221;no-repeat&#8221;][et_pb_contact_form captcha=&#8221;off&#8221; email=&#8221;info@guruap.com&#8221; title=&#8221;D\u00e9jenos su mensaje&#8221; custom_message=&#8221;Mensaje recibido del formulario de contacto de la p\u00e1gina de guruap.com. La informaci\u00f3n de contacto es la siguiente:||et_pb_line_break_holder||||et_pb_line_break_holder||Nombre: %%name%%||et_pb_line_break_holder||Correo electronico: %%email%%||et_pb_line_break_holder||||et_pb_line_break_holder||El mensaje es el siguiente:||et_pb_line_break_holder||%%message%%||et_pb_line_break_holder||||et_pb_line_break_holder||&#8212;&#8211; Final del mensaje &#8212;&#8211;&#8221; success_message=&#8221;El mensaje fue enviado correctamente, le contactaremos lo antes posible.&#8221; submit_button_text=&#8221;Enviar&#8221; form_background_color=&#8221;rgba(255,255,255,0)&#8221; module_id=&#8221;et_pb_contact_form_1&#8243; _builder_version=&#8221;3.9&#8243; title_font=&#8221;Montserrat||||&#8221; title_text_color=&#8221;#b2a77e&#8221; title_font_size=&#8221;22px&#8221; form_field_font=&#8221;||||||||&#8221; border_width_all=&#8221;1px&#8221; border_color_all=&#8221;#b2a77e&#8221; custom_button=&#8221;on&#8221; button_text_size=&#8221;18px&#8221; button_text_color=&#8221;#b2a77e&#8221; button_bg_color=&#8221;#ffffff&#8221; button_border_width=&#8221;4px&#8221; button_border_color=&#8221;#b2a77e&#8221; button_border_radius=&#8221;0px&#8221; button_letter_spacing=&#8221;2px&#8221; button_font=&#8221;Montserrat||||||||&#8221; button_icon=&#8221;%%3%%&#8221; button_text_color_hover=&#8221;#ffffff&#8221; button_bg_color_hover=&#8221;#b2a77e&#8221; button_border_color_hover=&#8221;#b2a77e&#8221; button_border_radius_hover=&#8221;0px&#8221; button_letter_spacing_hover=&#8221;2px&#8221; button_text_size_last_edited=&#8221;off|desktop&#8221; text_orientation=&#8221;left&#8221; animation_style=&#8221;fold&#8221; animation_direction=&#8221;bottom&#8221; animation_intensity_fold=&#8221;20%&#8221; use_border_color=&#8221;on&#8221; border_color=&#8221;rgba(0,0,0,0.12)&#8221;][et_pb_contact_field field_id=&#8221;name&#8221; field_title=&#8221;Nombre&#8221; fullwidth_field=&#8221;on&#8221; _builder_version=&#8221;3.9&#8243; border_radii=&#8221;on||||&#8221;][\/et_pb_contact_field][et_pb_contact_field field_id=&#8221;email&#8221; field_title=&#8221;Correo electr\u00f3nico&#8221; field_type=&#8221;email&#8221; fullwidth_field=&#8221;on&#8221; _builder_version=&#8221;3.9&#8243; border_radii=&#8221;on||||&#8221;][\/et_pb_contact_field][et_pb_contact_field field_id=&#8221;message&#8221; field_title=&#8221;Mensaje&#8221; field_type=&#8221;text&#8221; fullwidth_field=&#8221;on&#8221; _builder_version=&#8221;3.9&#8243; border_radii=&#8221;on||||&#8221;][\/et_pb_contact_field][\/et_pb_contact_form][\/et_pb_column][\/et_pb_row][\/et_pb_section]<\/p>\n","protected":false},"excerpt":{"rendered":"<p>Este blog tiene como fin plantear posiciones sobre temas variados relacionados con los servicios que brinda la empresa GURU HOLDING AP, para la reflexi\u00f3n y profundizaci\u00f3n del conocimiento.ContactenosEdificio Sigma Business\u00a0Center, Torre A, Segundo Piso, San Pedro de Montes de Oca, San Jos\u00e9.Tel\u00e9fonos:\u00a0+506 4001 &#8211; 5185 \/\u00a0+506\u00a08832 &#8211; 4948info@guruap.comfacebooktwitterinstagram<\/p>\n","protected":false},"author":1,"featured_media":0,"parent":0,"menu_order":0,"comment_status":"closed","ping_status":"closed","template":"","meta":{"_et_pb_use_builder":"on","_et_pb_old_content":"","_et_gb_content_width":"","footnotes":""},"class_list":["post-46641","page","type-page","status-publish","hentry"],"_links":{"self":[{"href":"https:\/\/guruap.com\/index.php\/wp-json\/wp\/v2\/pages\/46641","targetHints":{"allow":["GET"]}}],"collection":[{"href":"https:\/\/guruap.com\/index.php\/wp-json\/wp\/v2\/pages"}],"about":[{"href":"https:\/\/guruap.com\/index.php\/wp-json\/wp\/v2\/types\/page"}],"author":[{"embeddable":true,"href":"https:\/\/guruap.com\/index.php\/wp-json\/wp\/v2\/users\/1"}],"replies":[{"embeddable":true,"href":"https:\/\/guruap.com\/index.php\/wp-json\/wp\/v2\/comments?post=46641"}],"version-history":[{"count":11,"href":"https:\/\/guruap.com\/index.php\/wp-json\/wp\/v2\/pages\/46641\/revisions"}],"predecessor-version":[{"id":46973,"href":"https:\/\/guruap.com\/index.php\/wp-json\/wp\/v2\/pages\/46641\/revisions\/46973"}],"wp:attachment":[{"href":"https:\/\/guruap.com\/index.php\/wp-json\/wp\/v2\/media?parent=46641"}],"curies":[{"name":"wp","href":"https:\/\/api.w.org\/{rel}","templated":true}]}}